{"id":7227,"date":"2023-04-14T15:56:39","date_gmt":"2023-04-14T19:56:39","guid":{"rendered":"https:\/\/familyintale.com\/it\/?page_id=7227"},"modified":"2024-02-16T11:20:24","modified_gmt":"2024-02-16T09:20:24","slug":"privacy-policy-and-cookie-policy","status":"publish","type":"page","link":"https:\/\/familyintale.com\/it\/privacy-policy-and-cookie-policy\/","title":{"rendered":"Privacy Policy and Cookie Policy"},"content":{"rendered":"<h2 id=\"privacy-policy\">PRIVACY POLICY<\/h2>\n<h4>degli utenti che consultano il sito web di Family in Tale S.r.l.<\/h4>\n<p><strong>PERCH\u00c9 QUESTA PRIVACY POLICY?<\/strong><\/p>\n<p>Ai sensi del Regolamento (UE) 2016\/679 (di seguito \u201cRegolamento\u201d), questa pagina descrive le modalit\u00e0 di trattamento dei dati personali degli utenti che consultano il sito web di Family in Tale S.r.l. accessibile per via telematica al seguente indirizzo: https:\/\/familyintale.com\/it. Le presenti informazioni non riguardano altri siti, pagine o servizi online raggiungibili tramite link ipertestuali eventualmente pubblicati nel sito riferiti a risorse esterne al dominio di Family in Tale S.r.l.<\/p>\n<p><strong>TITOLARE DEL TRATTAMENTO<\/strong><\/p>\n<p>A seguito della consultazione del sito all\u2019indirizzo sopra indicato, possono essere trattati dati relativi a persone fisiche identificate o identificabili.<\/p>\n<p>Il Titolare del trattamento \u00e8 Family in Tale S.r.l., Via Gabriele Falloppio n. 39 \u2013 35121 Padova (PD).<\/p>\n<p><strong>BASI GIURIDICHE DEL TRATTAMENTO<\/strong><\/p>\n<p>Family in Tale S.r.l. tratta i dati personali dell\u2019utente sulla base dei seguenti criteri di legittimit\u00e0:<\/p>\n<ul>\n<li>il legittimo interesse di Family in Tale S.r.l. a garantire la fruizione dei servizi web agli utenti e controllare il corretto funzionamento dei servizi offerti;<\/li>\n<li>l\u2019adempimento di obblighi di legge o la necessit\u00e0 di fornire informazioni di navigazione richieste da un\u2019Autorit\u00e0 giudiziaria;<\/li>\n<li>il consenso espresso dell\u2019utente.<\/li>\n<\/ul>\n<p><strong>TIPI DI DATI TRATTATI E FINALIT\u00c0 DEL TRATTAMENTO<\/strong><\/p>\n<p><strong><em>Dati di navigazione<\/em><\/strong><\/p>\n<p>I sistemi informatici e le procedure software preposte al funzionamento di questo sito acquisiscono, nel corso del loro normale esercizio, alcuni dati personali la cui trasmissione \u00e8 implicita nell\u2019uso dei protocolli di comunicazione di Internet. In questa categoria di dati rientrano gli indirizzi IP o i nomi a dominio dei computer e dei terminali utilizzati dagli utenti, gli indirizzi in notazione URI\/URL (Uniform Resource Identifier\/Locator) delle risorse richieste, l\u2019orario della richiesta, il metodo utilizzato nel sottoporre la richiesta al server, la dimensione del file ottenuto in risposta, il codice numerico indicante lo stato della risposta data dal server (buon fine, errore, ecc.) ed altri parametri relativi al sistema operativo e all\u2019ambiente informatico dell\u2019utente. Tali dati, necessari per la fruizione dei servizi web, potrebbero essere trattati allo scopo di:<\/p>\n<ul>\n<li>ottenere informazioni statistiche sull\u2019uso dei servizi (pagine pi\u00f9 visitate, numero di visitatori per fascia oraria o giornaliera, aree geografiche di provenienza, ecc.);<\/li>\n<li>controllare il corretto funzionamento dei servizi offerti.<\/li>\n<\/ul>\n<p>I dati di navigazione persistono per un tempo limitato a quanto strettamente necessario al perseguimento delle finalit\u00e0 suindicate e, conseguentemente, vengono immediatamente cancellati (salve eventuali necessit\u00e0 di accertamento di reati da parte dell\u2019Autorit\u00e0 giudiziaria).<\/p>\n<p><em><strong>Dati comunicati dall\u2019utente<\/strong><\/em><\/p>\n<p>L\u2019invio facoltativo, esplicito e volontario di messaggi agli indirizzi di contatto di Family in Tale S.r.l., nonch\u00e9 la compilazione e l\u2019inoltro di eventuali moduli e form di registrazione presenti sul sito di Family in Tale S.r.l., comportano l\u2019acquisizione dei dati di contatto del mittente, necessari a rispondere, nonch\u00e9 di tutti i dati personali inclusi nelle comunicazioni. Specifiche informative verranno pubblicate nelle pagine del sito di Family in Tale S.r.l. predisposte per l\u2019erogazione di determinati servizi.<\/p>\n<p><em><strong>Cookie e altri sistemi di tracciamento<\/strong><\/em><\/p>\n<p>In merito all\u2019installazione di cookie da parte di questo sito si rinvia\u00a0alla Cookie policy presente sempre su questa pagina.<\/p>\n<p><strong>DESTINATARI DEI DATI<\/strong><\/p>\n<p>Alcune societ\u00e0 e fornitori di servizi potrebbero accedere ai Suoi dati personali, sono stabilite anche al fuori dell\u2019Unione Europea, in paesi che potrebbero non garantire un adeguato livello di protezione dei dati personali secondo gli standard stabiliti dal Regolamento. Se i dati personali sono trasferiti ad altre societ\u00e0 di Family in Tale S.r.l. situate in paesi c.d \u201cterzi\u201d, il trasferimento verr\u00e0 operato nel pieno rispetto della Data Privacy Policy di Family in Tale S.r.l. e in linea con quanto previsto dal Regolamento. La Data Privacy Policy \u00e8 stata approvata dalla competente Autorit\u00e0 di controllo Europea come un set di Binding Corporate Rules (\u201cBCR\u201d). In ogni caso, Family in Tale S.r.l. adotta le necessarie cautele per un legittimo trasferimento dei dati in paesi c.d. \u201cterzi\u201d (ad es. attraverso l\u2019implementazione delle Clausole Contrattuali Standard approvate dalla Commissione Europea).<\/p>\n<p><strong>DIRITTI DEGLI INTERESSATI<\/strong><\/p>\n<p>L\u2019utente ha il diritto di chiedere a Family in Tale S.r.l., compatibilmente con le necessit\u00e0 di trattamento indicate nella presente informativa, l\u2019accesso ai suoi dati personali e la rettifica o la cancellazione degli stessi o la limitazione del trattamento dei dati che la riguardano. L\u2019utente ha inoltre il diritto di opporsi al trattamento, cos\u00ec come il diritto di revocare il consenso in qualsiasi momento, senza pregiudicare la liceit\u00e0 del trattamento basata sul consenso prestato prima della revoca, oltre al diritto alla portabilit\u00e0 dei dati. Eventuali richieste possono essere inviate a info@familyintale.com. Inoltre, l\u2019utente ha diritto di proporre reclamo all\u2019Autorit\u00e0 di Controllo italiana: Autorit\u00e0 Garante per la protezione dei dati personali (<a href=\"mailto:garante@gpdp.it\">garante@gpdp.it<\/a>,\u00a0<a href=\"mailto:protocollo@pec.gpdp.it\">protocollo@pec.gpdp.it<\/a>).<\/p>\n<h2 id=\"cookie-policy\">COOKIE POLICY<\/h2>\n<h4>del sito web di Family in Tale S.r.l.<\/h4>\n<p><strong>PERCH\u00c9 QUESTA COOKIE POLICY?<\/strong><\/p>\n<p>Questa Cookie Policy ha lo scopo di rendere note le procedure seguite per la raccolta, tramite i cookie e\/o altre tecnologie di monitoraggio, delle informazioni fornite dagli utenti quando visitano questo sito web di titolarit\u00e0 di Family in Tale S.r.l. all\u2019indirizzo https:\/\/familyintale.com\/it.<\/p>\n<p>Il Titolare del trattamento \u00e8 Family in Tale S.r.l Via Gabriele Falloppio n. 39 \u2013 35121 Padova (PD).<\/p>\n<p><strong>INFORMAZIONI GENERALI SUI COOKIE E ALTRE TECNOLOGIE DI MONITORAGGIO<\/strong><\/p>\n<p>Utilizziamo cookies in alcune aree del nostro sito. I cookies sono dei file che immagazzinano le informazioni sugli hard drive o sul browser. Permettono a questo sito di controllare se Lei ha gi\u00e0 visitato il sito. I cookies ci consentono di capire quali sono le pagine del sito pi\u00f9 visitate in quanto consentono di vedere quali pagine sono visitate e per quanto tempo. Attraverso questi dati riusciamo a rendere il sito pi\u00f9 aderente alle sue richieste e pi\u00f9 semplice la navigazione. Ad esempio, i cookies ci consentono di assicurarle che le informazioni presenti sul sito nelle sue future visite rispondano alle sue preferenze.\u00a0Ci teniamo ad informarla che si pu\u00f2 configurare il browser per accettare tutti i cookie, rifiutare tutti i cookie, o avvertire quando un cookie \u00e8 stato inviato.\u00a0Ogni browser \u00e8 diverso, pertanto occorre cliccare sul menu \u201cHELP\/AIUTO\u201d dello specifico browser per comprendere come modificare le preferenze sui cookie. Ad esempio, in Microsoft Internet Explorer, si possono disabilitare o cancellare i cookie selezionando \u201cStrumenti\/Opzioni Internet\u201d e modificare le impostazioni privacy ovvero selezionando \u201ccancella cookie\u201d. Si noti comunque che quando un sito \u00e8 stato strutturato per usare i cookie, ogni loro disinstallazione potrebbe inficiare il funzionamento del sito e non consentire il miglior uso del sito stesso.<\/p>\n<p><strong>INFORMAZIONI GENERALI SULLE NORME RELATIVE AL CONSENSO ALL\u2019USO DEI COOKIE<\/strong><\/p>\n<p>Family in Tale S.r.l. La informa di seguito dettagliatamente circa le tipologie di eventuali cookie utilizzati dal sito. Il Provvedimento del Garante per la protezione dei dati personali Italiano (provv. n. 229 del 8 maggio 2014, pubblicato sulla G.U. n. 126 del 3 giugno 2014), ha categorizzato i cookie in due macro-categorie: cookie \u201ctecnici\u201d e cookie \u201cdi profilazione\u201d; inoltre sono stati categorizzati i cookie a seconda del soggetto che opera in qualit\u00e0 di titolare del trattamento dei dati personali raccolti dal cookie, distinguendo fra cookie di prima parte e cookie di terza parte. In riferimento alle suindicate categorie di cookie Family in Tale S.r.l. ci tiene a fornirLe di seguito in modo trasparente ogni utile dettaglio:<\/p>\n<p><strong>Cookie tecnici<\/strong><\/p>\n<p>I cookie tecnici sono quelli utilizzati al solo fine di effettuare la trasmissione di una comunicazione su una rete di comunicazione elettronica, o nella misura strettamente necessaria al fornitore di un servizio della societ\u00e0 dell\u2019informazione esplicitamente richiesto dall\u2019abbonato o dall\u2019utente a erogare tale servizio. Essi non vengono utilizzati per scopi ulteriori e sono normalmente installati direttamente dal titolare o gestore del sito web. Possono essere suddivisi in cookie di navigazione o di sessione, che garantiscono la normale navigazione e fruizione del sito web (permettendo, ad esempio, di autenticarsi per accedere ad aree riservate); cookie analytics, assimilati ai cookie tecnici laddove utilizzati direttamente dal gestore del sito per raccogliere informazioni, in forma aggregata, sul numero degli utenti e su come questi visitano il sito stesso; cookie di funzionalit\u00e0, che permettono all\u2019utente la navigazione in funzione di una serie di criteri selezionati (ad esempio, la lingua, i prodotti selezionati per l\u2019acquisto) al fine di migliorare il servizio reso allo stesso. Per l\u2019installazione di tali cookie non \u00e8 richiesto il preventivo consenso degli utenti.<\/p>\n<p><strong>Cookie di profilazione<\/strong><\/p>\n<p>I cookie di profilazione sono volti a creare profili relativi all\u2019utente e vengono utilizzati al fine di inviare messaggi pubblicitari in linea con le preferenze manifestate dallo stesso nell\u2019ambito della navigazione in rete. In ragione della particolare invasivit\u00e0 che tali dispositivi possono avere nell\u2019ambito della sfera privata degli utenti, la normativa europea e italiana prevede che l\u2019utente debba essere adeguatamente informato sull\u2019uso degli stessi ed esprimere cos\u00ec il proprio valido consenso.<\/p>\n<p><strong>Cookie di prima parte<\/strong><\/p>\n<p>Sono i cookie gestiti da Family in Tale S.r.l. in qualit\u00e0 di titolare del sito. Per questi cookie, l\u2019obbligo dell\u2019informativa spetta a noi come pure l\u2019obbligo di indicarLe le modalit\u00e0 per l\u2019eventuale blocco del cookie.<\/p>\n<p><strong>Cookie di terza parte<\/strong><\/p>\n<p>Sono i cookie gestiti da un soggetto terzo diverso da Family in Tale S.r.l.. Per questi cookie, l\u2019obbligo dell\u2019informativa e dell\u2019indicazione delle modalit\u00e0 per l\u2019eventuale blocco del cookie spetta alla terza parte, pertanto Family in Tale S.r.l. le indicher\u00e0 il link al sito della eventuale terza parte ove tali elementi sono disponibili. In entrambe le tipologie di cookie (di prima parte o di terza parte) la raccolta del consenso, necessario qualora il cookie sia un cookie di profilazione, avviene tramite apposito banner nella home page del sito.<\/p>\n<p><strong>CARATTERISTICHE DEI COOKIE UTILIZZATI DA QUESTO SITO WEB<\/strong><\/p>\n<p>Di seguito in tabella, \u00e8 riportato l\u2019elenco di tutti i cookie utilizzati da questo sito web. Nel primo gruppo sono elencati i cookie cosiddetti tecnici il cui utilizzo non richiede il consenso dell\u2019utente. Nel secondo gruppo sono elencati i cookie di profilazione.\u00a0Si fa presente che l\u2019eventuale blocco dei cookie tecnici potrebbe compromettere la funzionalit\u00e0 di questo sito web.<\/p>\n<p><strong>LINK AD ALTRI SITI WEB<\/strong><\/p>\n<p>Questo sito potrebbe contenere link o riferimenti per l\u2019accesso ad altri siti web. Family in Tale S.r.l. non controlla i cookie \/ le tecnologie di monitoraggio di altri siti web ai quali la presente Cookie Policy non si applica.<\/p>\n<p><strong>COME CONTATTARCI<\/strong><\/p>\n<p>Per qualsiasi domanda, commento o dubbio relativo alla presente Cookie Policy o alla Privacy Policy del sito, pu\u00f2 contattare Family in Tale S.r.l. ai seguenti indirizzi:<\/p>\n<p>Family in Tale S.r.l.<\/p>\n<p>Sede Legale: Family in Tale S.r.l, via Gabriele Falloppio n. 39 \u2013 35121 Padova (PD). Capitale sociale: Euro 2.500,00 \u2013 versato.<\/p>\n<p>Codice Fiscale\/P.IVA: 05171940280 R.E.A.: PD \u2013 448608<\/p>\n<p><strong>AGGIORNAMENTO DELLA PRESENTE COOKIE POLICY<\/strong><\/p>\n<p>La presente Cookie Policy \u00e8 stata aggiornata il 28\/04\/2023. Eventuali aggiornamenti saranno sempre pubblicati in questa pagina.<\/p>\n<p><strong>TIPI DI COOKIE UTILIZZATI DA QUESTO SITO WEB<\/strong><\/p>\n<div class=\"uk-overflow-auto\">\n<table class=\"uk-table uk-table-divider\">\n<tbody>\n<tr>\n<th colspan=\"4\">COOKIE TECNICI<\/th>\n<\/tr>\n<tr>\n<td>Denominazione<\/td>\n<td>Funzione del cookie<\/td>\n<td>Cookie di prima parte o di terza parte<\/td>\n<td>Modalit\u00e0 per bloccare il cookie<\/td>\n<\/tr>\n<tr>\n<td>CookieScriptConsent<\/td>\n<td>Verifica l\u2019accettazione dei cookie<\/td>\n<td>Terza parte<\/td>\n<td>\u00c8 possibile modificare le impostazioni del browser per accettare o rifiutare questo tipo di cookie. Si prega di fare riferimento alle indicazioni fornite dallo specifico browser utilizzato<\/td>\n<\/tr>\n<tr>\n<td>_hjIncludedInSample<\/td>\n<td>Verifica se il visitatore \u00e8 incluso nella generazione dei funnels Hotjar<\/td>\n<td>Terza parte<\/td>\n<td>\u00c8 possibile modificare le impostazioni del browser per accettare o rifiutare questo tipo di cookie. Si prega di fare riferimento alle indicazioni fornite dallo specifico browser utilizzato<\/td>\n<\/tr>\n<tr>\n<td>_gcl_au<\/td>\n<td>Statistiche e ottimizzazione delle funzionalit\u00e0<\/td>\n<td>Terza parte<\/td>\n<td>\u00c8 possibile modificare le impostazioni del browser per accettare o rifiutare questo tipo di cookie. Si prega di fare riferimento alle indicazioni fornite dallo specifico browser utilizzato<\/td>\n<\/tr>\n<tr>\n<td>wfwaf-authcookie<\/td>\n<td>Identifica il visitatore attraverso un plugin per la prevenzione di attacchi informatici<\/td>\n<td>Terza parte<\/td>\n<td>\u00c8 possibile modificare le impostazioni del browser per accettare o rifiutare questo tipo di cookie. Si prega di fare riferimento alle indicazioni fornite dallo specifico browser utilizzato<\/td>\n<\/tr>\n<tr>\n<td>wordpress_test_cookie<\/td>\n<td>Test dei Cookie di WordPress<\/td>\n<td>Terza parte<\/td>\n<td>\u00c8 possibile modificare le impostazioni del browser per accettare o rifiutare questo tipo di cookie. Si prega di fare riferimento alle indicazioni fornite dallo specifico browser utilizzato<\/td>\n<\/tr>\n<\/tbody>\n<\/table>\n<\/div>\n<div class=\"uk-overflow-auto\">\n<table class=\"uk-table uk-table-divider\">\n<tbody>\n<tr>\n<th colspan=\"4\">COOKIE DI PROFILAZIONE<\/th>\n<\/tr>\n<tr>\n<td>Denominazione<\/td>\n<td>Funzione del cookie<\/td>\n<td>Cookie di prima parte o di terza parte<\/td>\n<td>Modalit\u00e0 per bloccare il cookie<\/td>\n<\/tr>\n<tr>\n<td>__hstc<\/td>\n<td>Tracciamento utente<\/td>\n<td>Terza parte<\/td>\n<td>\u00c8 possibile modificare le impostazioni del browser per accettare o rifiutare questo tipo di cookie. Si prega di fare riferimento alle indicazioni fornite dallo specifico browser utilizzato<\/td>\n<\/tr>\n<tr>\n<td>_ga<\/td>\n<td>Identificazione del Client<\/td>\n<td>Terza parte<\/td>\n<td>\u00c8 possibile modificare le impostazioni del browser per accettare o rifiutare questo tipo di cookie. Si prega di fare riferimento alle indicazioni fornite dallo specifico browser utilizzato<\/td>\n<\/tr>\n<tr>\n<td>_gid<\/td>\n<td>Identificazione del Client<\/td>\n<td>Terza parte<\/td>\n<td>\u00c8 possibile modificare le impostazioni del browser per accettare o rifiutare questo tipo di cookie. Si prega di fare riferimento alle indicazioni fornite dallo specifico browser utilizzato<\/td>\n<\/tr>\n<tr>\n<td>hubspotutk<\/td>\n<td>Identificazione del Client<\/td>\n<td>Terza parte<\/td>\n<td>\u00c8 possibile modificare le impostazioni del browser per accettare o rifiutare questo tipo di cookie. Si prega di fare riferimento alle indicazioni fornite dallo specifico browser utilizzato<\/td>\n<\/tr>\n<\/tbody>\n<\/table>\n<\/div>\n","protected":false},"excerpt":{"rendered":"<p>PRIVACY POLICY degli utenti che consultano il sito web di Family in Tale S.r.l. PERCH\u00c9 QUESTA PRIVACY POLICY? Ai sensi<\/p>\n","protected":false},"author":1,"featured_media":0,"parent":0,"menu_order":0,"comment_status":"closed","ping_status":"closed","template":"","meta":{"footnotes":""},"class_list":["post-7227","page","type-page","status-publish","hentry"],"yoast_head":"<!-- This site is optimized with the Yoast SEO plugin v27.5 - https:\/\/yoast.com\/product\/yoast-seo-wordpress\/ -->\n<title>Privacy Policy and Cookie Policy - Family in Tale - Libri personalizzati per bambini<\/title>\n<meta name=\"robots\" content=\"index, follow, max-snippet:-1, max-image-preview:large, max-video-preview:-1\" \/>\n<link rel=\"canonical\" href=\"https:\/\/familyintale.com\/it\/privacy-policy-and-cookie-policy\/\" \/>\n<meta property=\"og:locale\" content=\"it_IT\" \/>\n<meta property=\"og:type\" content=\"article\" \/>\n<meta property=\"og:title\" content=\"Privacy Policy and Cookie Policy - Family in Tale - Libri personalizzati per bambini\" \/>\n<meta property=\"og:description\" content=\"PRIVACY POLICY degli utenti che consultano il sito web di Family in Tale S.r.l. PERCH\u00c9 QUESTA PRIVACY POLICY? Ai sensi\" \/>\n<meta property=\"og:url\" content=\"https:\/\/familyintale.com\/it\/privacy-policy-and-cookie-policy\/\" \/>\n<meta property=\"og:site_name\" content=\"Family in Tale - Libri personalizzati per bambini\" \/>\n<meta property=\"article:publisher\" content=\"https:\/\/www.facebook.com\/profile.php?id=100067299153661\" \/>\n<meta property=\"article:modified_time\" content=\"2024-02-16T09:20:24+00:00\" \/>\n<meta property=\"og:image\" content=\"https:\/\/familyintale.com\/it\/wp-content\/uploads\/2023\/04\/logo-family-in-tale.png\" \/>\n\t<meta property=\"og:image:width\" content=\"1280\" \/>\n\t<meta property=\"og:image:height\" content=\"292\" \/>\n\t<meta property=\"og:image:type\" content=\"image\/png\" \/>\n<meta name=\"twitter:card\" content=\"summary_large_image\" \/>\n<meta name=\"twitter:label1\" content=\"Tempo di lettura stimato\" \/>\n\t<meta name=\"twitter:data1\" content=\"12 minuti\" \/>\n<script type=\"application\/ld+json\" class=\"yoast-schema-graph\">{\"@context\":\"https:\\\/\\\/schema.org\",\"@graph\":[{\"@type\":\"WebPage\",\"@id\":\"https:\\\/\\\/familyintale.com\\\/it\\\/privacy-policy-and-cookie-policy\\\/\",\"url\":\"https:\\\/\\\/familyintale.com\\\/it\\\/privacy-policy-and-cookie-policy\\\/\",\"name\":\"Privacy Policy and Cookie Policy - Family in Tale - Libri personalizzati per bambini\",\"isPartOf\":{\"@id\":\"https:\\\/\\\/familyintale.com\\\/it\\\/#website\"},\"datePublished\":\"2023-04-14T19:56:39+00:00\",\"dateModified\":\"2024-02-16T09:20:24+00:00\",\"inLanguage\":\"it-IT\",\"potentialAction\":[{\"@type\":\"ReadAction\",\"target\":[\"https:\\\/\\\/familyintale.com\\\/it\\\/privacy-policy-and-cookie-policy\\\/\"]}]},{\"@type\":\"WebSite\",\"@id\":\"https:\\\/\\\/familyintale.com\\\/it\\\/#website\",\"url\":\"https:\\\/\\\/familyintale.com\\\/it\\\/\",\"name\":\"Family in Tale - Libri personalizzati per bambini\",\"description\":\"Crea il tuo libro personalizzato di fiabe\",\"publisher\":{\"@id\":\"https:\\\/\\\/familyintale.com\\\/it\\\/#organization\"},\"alternateName\":\"Family in Tale\",\"potentialAction\":[{\"@type\":\"SearchAction\",\"target\":{\"@type\":\"EntryPoint\",\"urlTemplate\":\"https:\\\/\\\/familyintale.com\\\/it\\\/?s={search_term_string}\"},\"query-input\":{\"@type\":\"PropertyValueSpecification\",\"valueRequired\":true,\"valueName\":\"search_term_string\"}}],\"inLanguage\":\"it-IT\"},{\"@type\":\"Organization\",\"@id\":\"https:\\\/\\\/familyintale.com\\\/it\\\/#organization\",\"name\":\"Family in Tale - Libri personalizzati per bambini\",\"url\":\"https:\\\/\\\/familyintale.com\\\/it\\\/\",\"logo\":{\"@type\":\"ImageObject\",\"inLanguage\":\"it-IT\",\"@id\":\"https:\\\/\\\/familyintale.com\\\/it\\\/#\\\/schema\\\/logo\\\/image\\\/\",\"url\":\"https:\\\/\\\/familyintale.com\\\/it\\\/wp-content\\\/uploads\\\/2023\\\/06\\\/logo-quadrato-family-in-tale.jpg\",\"contentUrl\":\"https:\\\/\\\/familyintale.com\\\/it\\\/wp-content\\\/uploads\\\/2023\\\/06\\\/logo-quadrato-family-in-tale.jpg\",\"width\":1280,\"height\":1280,\"caption\":\"Family in Tale - Libri personalizzati per bambini\"},\"image\":{\"@id\":\"https:\\\/\\\/familyintale.com\\\/it\\\/#\\\/schema\\\/logo\\\/image\\\/\"},\"sameAs\":[\"https:\\\/\\\/www.facebook.com\\\/profile.php?id=100067299153661\",\"https:\\\/\\\/www.instagram.com\\\/personalized.fairy.tale\\\/\"]}]}<\/script>\n<!-- \/ Yoast SEO plugin. -->","yoast_head_json":{"title":"Privacy Policy and Cookie Policy - Family in Tale - Libri personalizzati per bambini","robots":{"index":"index","follow":"follow","max-snippet":"max-snippet:-1","max-image-preview":"max-image-preview:large","max-video-preview":"max-video-preview:-1"},"canonical":"https:\/\/familyintale.com\/it\/privacy-policy-and-cookie-policy\/","og_locale":"it_IT","og_type":"article","og_title":"Privacy Policy and Cookie Policy - Family in Tale - Libri personalizzati per bambini","og_description":"PRIVACY POLICY degli utenti che consultano il sito web di Family in Tale S.r.l. PERCH\u00c9 QUESTA PRIVACY POLICY? Ai sensi","og_url":"https:\/\/familyintale.com\/it\/privacy-policy-and-cookie-policy\/","og_site_name":"Family in Tale - Libri personalizzati per bambini","article_publisher":"https:\/\/www.facebook.com\/profile.php?id=100067299153661","article_modified_time":"2024-02-16T09:20:24+00:00","og_image":[{"width":1280,"height":292,"url":"https:\/\/familyintale.com\/it\/wp-content\/uploads\/2023\/04\/logo-family-in-tale.png","type":"image\/png"}],"twitter_card":"summary_large_image","twitter_misc":{"Tempo di lettura stimato":"12 minuti"},"schema":{"@context":"https:\/\/schema.org","@graph":[{"@type":"WebPage","@id":"https:\/\/familyintale.com\/it\/privacy-policy-and-cookie-policy\/","url":"https:\/\/familyintale.com\/it\/privacy-policy-and-cookie-policy\/","name":"Privacy Policy and Cookie Policy - Family in Tale - Libri personalizzati per bambini","isPartOf":{"@id":"https:\/\/familyintale.com\/it\/#website"},"datePublished":"2023-04-14T19:56:39+00:00","dateModified":"2024-02-16T09:20:24+00:00","inLanguage":"it-IT","potentialAction":[{"@type":"ReadAction","target":["https:\/\/familyintale.com\/it\/privacy-policy-and-cookie-policy\/"]}]},{"@type":"WebSite","@id":"https:\/\/familyintale.com\/it\/#website","url":"https:\/\/familyintale.com\/it\/","name":"Family in Tale - Libri personalizzati per bambini","description":"Crea il tuo libro personalizzato di fiabe","publisher":{"@id":"https:\/\/familyintale.com\/it\/#organization"},"alternateName":"Family in Tale","potentialAction":[{"@type":"SearchAction","target":{"@type":"EntryPoint","urlTemplate":"https:\/\/familyintale.com\/it\/?s={search_term_string}"},"query-input":{"@type":"PropertyValueSpecification","valueRequired":true,"valueName":"search_term_string"}}],"inLanguage":"it-IT"},{"@type":"Organization","@id":"https:\/\/familyintale.com\/it\/#organization","name":"Family in Tale - Libri personalizzati per bambini","url":"https:\/\/familyintale.com\/it\/","logo":{"@type":"ImageObject","inLanguage":"it-IT","@id":"https:\/\/familyintale.com\/it\/#\/schema\/logo\/image\/","url":"https:\/\/familyintale.com\/it\/wp-content\/uploads\/2023\/06\/logo-quadrato-family-in-tale.jpg","contentUrl":"https:\/\/familyintale.com\/it\/wp-content\/uploads\/2023\/06\/logo-quadrato-family-in-tale.jpg","width":1280,"height":1280,"caption":"Family in Tale - Libri personalizzati per bambini"},"image":{"@id":"https:\/\/familyintale.com\/it\/#\/schema\/logo\/image\/"},"sameAs":["https:\/\/www.facebook.com\/profile.php?id=100067299153661","https:\/\/www.instagram.com\/personalized.fairy.tale\/"]}]}},"_links":{"self":[{"href":"https:\/\/familyintale.com\/it\/wp-json\/wp\/v2\/pages\/7227","targetHints":{"allow":["GET"]}}],"collection":[{"href":"https:\/\/familyintale.com\/it\/wp-json\/wp\/v2\/pages"}],"about":[{"href":"https:\/\/familyintale.com\/it\/wp-json\/wp\/v2\/types\/page"}],"author":[{"embeddable":true,"href":"https:\/\/familyintale.com\/it\/wp-json\/wp\/v2\/users\/1"}],"replies":[{"embeddable":true,"href":"https:\/\/familyintale.com\/it\/wp-json\/wp\/v2\/comments?post=7227"}],"version-history":[{"count":0,"href":"https:\/\/familyintale.com\/it\/wp-json\/wp\/v2\/pages\/7227\/revisions"}],"wp:attachment":[{"href":"https:\/\/familyintale.com\/it\/wp-json\/wp\/v2\/media?parent=7227"}],"curies":[{"name":"wp","href":"https:\/\/api.w.org\/{rel}","templated":true}]}}